{"id":418,"date":"2021-07-30T19:41:21","date_gmt":"2021-07-30T19:41:21","guid":{"rendered":"https:\/\/istanbulozelplakam.com\/?page_id=418"},"modified":"2025-12-12T14:46:07","modified_gmt":"2025-12-12T14:46:07","slug":"arac-muayene","status":"publish","type":"page","link":"https:\/\/istanbulozelplakam.com\/?page_id=418","title":{"rendered":"\u00d6zel Plaka Bilgi"},"content":{"rendered":"\t\t<div data-elementor-type=\"wp-page\" data-elementor-id=\"418\" class=\"elementor elementor-418\" data-elementor-settings=\"[]\">\n\t\t\t\t\t\t<div class=\"elementor-inner\">\n\t\t\t\t\t\t\t<div class=\"elementor-section-wrap\">\n\t\t\t\t\t\t\t<section class=\"elementor-section elementor-top-section elementor-element elementor-element-f428f39 elementor-section-boxed elementor-section-height-default elementor-section-height-default\" data-id=\"f428f39\" data-element_type=\"section\">\n\t\t\t\t\t\t<div class=\"elementor-container elementor-column-gap-default\">\n\t\t\t\t\t\t\t<div class=\"elementor-row\">\n\t\t\t\t\t<div class=\"elementor-column elementor-col-50 elementor-top-column elementor-element elementor-element-c10403d\" data-id=\"c10403d\" data-element_type=\"column\">\n\t\t\t<div class=\"elementor-column-wrap elementor-element-populated\">\n\t\t\t\t\t\t\t<div class=\"elementor-widget-wrap\">\n\t\t\t\t\t\t\t\t<\/div>\n\t\t\t\t\t<\/div>\n\t\t<\/div>\n\t\t\t\t<div class=\"elementor-column elementor-col-50 elementor-top-column elementor-element elementor-element-4a608c5\" data-id=\"4a608c5\" data-element_type=\"column\">\n\t\t\t<div class=\"elementor-column-wrap elementor-element-populated\">\n\t\t\t\t\t\t\t<div class=\"elementor-widget-wrap\">\n\t\t\t\t\t\t<div class=\"elementor-element elementor-element-2a6842f elementor-widget elementor-widget-text-editor\" data-id=\"2a6842f\" data-element_type=\"widget\" data-widget_type=\"text-editor.default\">\n\t\t\t\t<div class=\"elementor-widget-container\">\n\t\t\t\t\t<div class=\"elementor-text-editor elementor-clearfix\"><p style=\"color: #000000; font-size: 18px; text-transform: capitalize; text-align: center;\"><span style=\"font-weight: bolder;\">Sizin Hen\u00fcz \u00d6zel Plakan\u0131z Yok Mu ?<\/span><\/p><p style=\"color: #000000; font-size: 18px; text-transform: capitalize;\">Ad\u0131n\u0131z soyad\u0131n\u0131z , memleketiniz , sevdiklerinizin ba\u015f harfleri veya destekledi\u011finiz tak\u0131ma uygun \u00f6zel plaka<br \/>\u0130\u015flemleri \u0130\u00e7in bizimle \u0130leti\u015fime ge\u00e7ebilirsiniz.<\/p><p style=\"color: #000000; font-size: 18px; text-transform: capitalize; text-align: center;\"><span style=\"font-weight: bolder;\">\u00d6zel Plaka Nedir ?<\/span><\/p><p style=\"color: #000000; font-size: 18px; text-transform: capitalize;\">Mevcut kulland\u0131\u011f\u0131n\u0131z ara\u00e7lar\u0131n veya yeni alacak oldu\u011funuz ara\u00e7lar\u0131n\u0131za uygulam\u0131\u015f oldu\u011fumuz harf ve rakam b\u00fct\u00fcnl\u00fc\u011f\u00fcd\u00fcr. Talebinize g\u00f6re sizin \u0130\u00e7in anlam \u0130fade eden harf ve rakam kombinasyonunu trafik tescil ve noterler<br \/>arac\u0131l\u0131\u011f\u0131yla arac\u0131n\u0131za tak\u0131yoruz.<\/p><p style=\"color: #000000; font-size: 18px; text-transform: capitalize; text-align: center;\"><span style=\"font-weight: bolder;\">Peki \u00d6zel Plaka Nas\u0131l Al\u0131n\u0131r ?<\/span><\/p><p style=\"color: #000000; font-size: 18px; text-transform: capitalize;\">Bu a\u015famada arac\u0131n\u0131z s\u0131f\u0131r \u0130se motor \u015fase numaras\u0131 Belli oldu\u011fu Vakit \u0130stedi\u011finiz plakay\u0131 Sorgulay\u0131p Belirledi\u011fimiz Takdirde\u00a0<br \/>m\u00fcsait Olma durumuna g\u00f6re \u0130\u015fleyebiliriz.<br \/>Fakat mevcut ara\u00e7 veya 2. el al\u0131nacak bir ara\u00e7 \u0130se \u00dczerindeki Plaka 34 olmamal\u0131d\u0131r.<br \/>t\u00fcm \u0130\u015flemleriniz taraf\u0131m\u0131zca yap\u0131l\u0131p<br \/>\u0130stedi\u011finiz plakaya sahip olabilirsiniz.<\/p><p style=\"color: #000000; font-size: 18px; text-transform: capitalize; text-align: center;\"><span style=\"font-weight: bolder;\">\u00d6zel Plaka Ald\u0131\u011f\u0131mda Plakaya Ayr\u0131 Vergi \u00d6der miyim ?<\/span><\/p><p style=\"color: #000000; font-size: 18px; text-transform: capitalize;\">Hay\u0131r . \u00d6zel plaka talebinizde sadece al\u0131rken bir defaya mahsus olmak \u00fczere \u00fccret \u00f6dersiniz . Vergi , har\u00e7 v.b<br \/>\u00f6demeler kesinlikle yoktur.<\/p><p style=\"color: #000000; font-size: 18px; text-transform: capitalize; text-align: center;\"><span style=\"font-weight: bolder;\">\u00d6zel Plaka Fiyatlar\u0131 Nelerdir ?<\/span><\/p><p style=\"color: #000000; font-size: 18px; text-transform: capitalize;\">\u00d6zel plaka fiyatlar\u0131 \u0130kili ve \u00fc\u00e7l\u00fc harf kombinasyonuna ve plakaya olan ra\u011fbete g\u00f6re de\u011fi\u015fiklik g\u00f6stermektedir.<br \/>Yani tamamen sizin \u0130stemi\u015f oldu\u011funuz plakaya g\u00f6re fiyat de\u011fi\u015fir.<\/p><p style=\"color: #000000; font-size: 18px; text-transform: capitalize; text-align: center;\"><span style=\"font-weight: bolder;\">S\u0131f\u0131r Alaca\u011f\u0131m Araca \u00d6zel Plaka Alabilir miyim ?<\/span><\/p><p style=\"color: #000000; font-size: 18px; text-transform: capitalize;\">Bayi\u2019 den alaca\u011f\u0131n\u0131z arac\u0131n\u0131z\u0131 daha trafi\u011fe \u00e7\u0131kartmadan \u00f6zel plaka sahibi olabilirsiniz. \u0130\u015flem esnas\u0131nda bayiden ad\u0131n\u0131za d\u00fczenlenmi\u015f olan proforma faturan\u0131z olmas\u0131 yeterlidir.<\/p><p style=\"color: #000000; font-size: 18px; text-transform: capitalize; text-align: center;\"><span style=\"font-weight: bolder;\">\u00d6zel Plaka Fiyatlar\u0131n\u0131 Kim Belirler ?<\/span><\/p><p style=\"color: #000000; font-size: 18px; text-transform: capitalize;\">\u00d6zel plaka fiyatlar\u0131n\u0131 emniyet genel m\u00fcd\u00fcrl\u00fckleri belirler. Baz\u0131 \u00f6zel plakalar\u0131n fiyatlar\u0131 15 bin tL \u0130ken baz\u0131lar\u0131n\u0131n fiyatlar\u0131 25 bin 50 bin tL 70 Bin olabilmektedir. Fiyatlar aras\u0131ndaki bu fark arz taleple kaynaklanmaktad\u0131r. Harf kombinasyonuna talep ne kadar \u00e7oksa plakan\u0131n fiyat\u0131 da o kadar artmaktad\u0131r.<\/p><p style=\"color: #000000; font-size: 18px; text-transform: capitalize; text-align: center;\"><span style=\"font-weight: bolder;\">Arac\u0131m 34 Plaka \u00d6zel Plaka Alabilir miyim ?<\/span><\/p><p style=\"color: #000000; font-size: 18px; text-transform: capitalize;\">Yeni \u00e7\u0131kan y\u00f6netmenli\u011fe g\u00f6re 34 plakal\u0131 arac\u0131n\u0131za 34 olarak \u00f6zel plaka talebinde bulunam\u0131yorsunuz . B\u00f6yle bir durumda \u00f6ncelikle arac\u0131n\u0131z\u0131 \u0130l d\u0131\u015f\u0131 plaka yapman\u0131z gerekmektedir . \u00d6rnek verecek olursak \u015fehir d\u0131\u015f\u0131nda \u0130kameti olan bir vatanda\u015fa sat\u0131\u015f verip arac\u0131n\u0131z\u0131 34 plakadan \u00e7\u0131kart\u0131yorsunuz sonras\u0131nda o vatanda\u015ftan tekrar geri al\u0131rken \u00f6zel plaka \u0130\u015fleminizi ger\u00e7ekle\u015ftirebiliriz<\/p><\/div>\n\t\t\t\t<\/div>\n\t\t\t\t<\/div>\n\t\t\t\t\t\t<\/div>\n\t\t\t\t\t<\/div>\n\t\t<\/div>\n\t\t\t\t\t\t\t\t<\/div>\n\t\t\t\t\t<\/div>\n\t\t<\/section>\n\t\t\t\t<section class=\"elementor-section elementor-top-section elementor-element elementor-element-78d93f2 elementor-section-boxed elementor-section-height-default elementor-section-height-default\" data-id=\"78d93f2\" data-element_type=\"section\">\n\t\t\t\t\t\t<div class=\"elementor-container elementor-column-gap-default\">\n\t\t\t\t\t\t\t<div class=\"elementor-row\">\n\t\t\t\t\t<div class=\"elementor-column elementor-col-100 elementor-top-column elementor-element elementor-element-91e161a\" data-id=\"91e161a\" data-element_type=\"column\">\n\t\t\t<div class=\"elementor-column-wrap elementor-element-populated\">\n\t\t\t\t\t\t\t<div class=\"elementor-widget-wrap\">\n\t\t\t\t\t\t<div class=\"elementor-element elementor-element-5ecd456 elementor-widget elementor-widget-heading\" data-id=\"5ecd456\" data-element_type=\"widget\" data-widget_type=\"heading.default\">\n\t\t\t\t<div class=\"elementor-widget-container\">\n\t\t\t<h2 class=\"elementor-heading-title elementor-size-default\"><a href=\"https:\/\/api.whatsapp.com\/send\/?phone=905319855091&#038;text=merhabalar%2C+bilgi+almak+istiyorum&#038;type=phone_number&#038;app_absent=0\">Hemen \u015eimdi Sorgula<\/a><\/h2>\t\t<\/div>\n\t\t\t\t<\/div>\n\t\t\t\t\t\t<\/div>\n\t\t\t\t\t<\/div>\n\t\t<\/div>\n\t\t\t\t\t\t\t\t<\/div>\n\t\t\t\t\t<\/div>\n\t\t<\/section>\n\t\t\t\t\t\t<\/div>\n\t\t\t\t\t\t<\/div>\n\t\t\t\t\t<\/div>\n\t\t","protected":false},"excerpt":{"rendered":"<p>Sizin Hen\u00fcz \u00d6zel Plakan\u0131z Yok Mu ? Ad\u0131n\u0131z soyad\u0131n\u0131z , memleketiniz , sevdiklerinizin ba\u015f harfleri veya destekledi\u011finiz tak\u0131ma uygun \u00f6zel plaka\u0130\u015flemleri \u0130\u00e7in bizimle \u0130leti\u015fime ge\u00e7ebilirsiniz. \u00d6zel Plaka Nedir ? Mevcut kulland\u0131\u011f\u0131n\u0131z ara\u00e7lar\u0131n veya yeni alacak oldu\u011funuz ara\u00e7lar\u0131n\u0131za uygulam\u0131\u015f oldu\u011fumuz harf ve rakam b\u00fct\u00fcnl\u00fc\u011f\u00fcd\u00fcr. Talebinize g\u00f6re sizin \u0130\u00e7in anlam \u0130fade eden harf ve rakam kombinasyonunu trafik [&#8230;]\n","protected":false},"author":1,"featured_media":0,"parent":0,"menu_order":0,"comment_status":"closed","ping_status":"closed","template":"","meta":{"_acf_changed":false,"footnotes":""},"class_list":["post-418","page","type-page","status-publish","hentry"],"acf":[],"yoast_head":"<!-- This site is optimized with the Yoast SEO plugin v27.3 - https:\/\/yoast.com\/product\/yoast-seo-wordpress\/ -->\n<title>\u00d6zel Plaka Bilgi - \u0130stanbul \u00d6zel Plaka<\/title>\n<meta name=\"robots\" content=\"index, follow, max-snippet:-1, max-image-preview:large, max-video-preview:-1\" \/>\n<link rel=\"canonical\" href=\"https:\/\/istanbulozelplakam.com\/?page_id=418\" \/>\n<meta property=\"og:locale\" content=\"tr_TR\" \/>\n<meta property=\"og:type\" content=\"article\" \/>\n<meta property=\"og:title\" content=\"\u00d6zel Plaka Bilgi - \u0130stanbul \u00d6zel Plaka\" \/>\n<meta property=\"og:description\" content=\"Sizin Hen\u00fcz \u00d6zel Plakan\u0131z Yok Mu ? Ad\u0131n\u0131z soyad\u0131n\u0131z , memleketiniz , sevdiklerinizin ba\u015f harfleri veya destekledi\u011finiz tak\u0131ma uygun \u00f6zel plaka\u0130\u015flemleri \u0130\u00e7in bizimle \u0130leti\u015fime ge\u00e7ebilirsiniz. \u00d6zel Plaka Nedir ? Mevcut kulland\u0131\u011f\u0131n\u0131z ara\u00e7lar\u0131n veya yeni alacak oldu\u011funuz ara\u00e7lar\u0131n\u0131za uygulam\u0131\u015f oldu\u011fumuz harf ve rakam b\u00fct\u00fcnl\u00fc\u011f\u00fcd\u00fcr. Talebinize g\u00f6re sizin \u0130\u00e7in anlam \u0130fade eden harf ve rakam kombinasyonunu trafik [...]\" \/>\n<meta property=\"og:url\" content=\"https:\/\/istanbulozelplakam.com\/?page_id=418\" \/>\n<meta property=\"og:site_name\" content=\"\u0130stanbul \u00d6zel Plaka\" \/>\n<meta property=\"article:modified_time\" content=\"2025-12-12T14:46:07+00:00\" \/>\n<meta name=\"twitter:card\" content=\"summary_large_image\" \/>\n<meta name=\"twitter:label1\" content=\"Tahmini okuma s\u00fcresi\" \/>\n\t<meta name=\"twitter:data1\" content=\"2 dakika\" \/>\n<script type=\"application\/ld+json\" class=\"yoast-schema-graph\">{\"@context\":\"https:\\\/\\\/schema.org\",\"@graph\":[{\"@type\":\"WebPage\",\"@id\":\"https:\\\/\\\/istanbulozelplakam.com\\\/?page_id=418\",\"url\":\"https:\\\/\\\/istanbulozelplakam.com\\\/?page_id=418\",\"name\":\"\u00d6zel Plaka Bilgi - \u0130stanbul \u00d6zel Plaka\",\"isPartOf\":{\"@id\":\"https:\\\/\\\/istanbulozelplakam.com\\\/#website\"},\"datePublished\":\"2021-07-30T19:41:21+00:00\",\"dateModified\":\"2025-12-12T14:46:07+00:00\",\"breadcrumb\":{\"@id\":\"https:\\\/\\\/istanbulozelplakam.com\\\/?page_id=418#breadcrumb\"},\"inLanguage\":\"tr\",\"potentialAction\":[{\"@type\":\"ReadAction\",\"target\":[\"https:\\\/\\\/istanbulozelplakam.com\\\/?page_id=418\"]}]},{\"@type\":\"BreadcrumbList\",\"@id\":\"https:\\\/\\\/istanbulozelplakam.com\\\/?page_id=418#breadcrumb\",\"itemListElement\":[{\"@type\":\"ListItem\",\"position\":1,\"name\":\"Anasayfa\",\"item\":\"https:\\\/\\\/istanbulozelplakam.com\\\/\"},{\"@type\":\"ListItem\",\"position\":2,\"name\":\"\u00d6zel Plaka Bilgi\"}]},{\"@type\":\"WebSite\",\"@id\":\"https:\\\/\\\/istanbulozelplakam.com\\\/#website\",\"url\":\"https:\\\/\\\/istanbulozelplakam.com\\\/\",\"name\":\"\u0130stanbul \u00d6zel Plaka\",\"description\":\"\u00d6zel Plaka Sahibi Olmak \u0130stermisin ?\",\"potentialAction\":[{\"@type\":\"SearchAction\",\"target\":{\"@type\":\"EntryPoint\",\"urlTemplate\":\"https:\\\/\\\/istanbulozelplakam.com\\\/?s={search_term_string}\"},\"query-input\":{\"@type\":\"PropertyValueSpecification\",\"valueRequired\":true,\"valueName\":\"search_term_string\"}}],\"inLanguage\":\"tr\"}]}<\/script>\n<!-- \/ Yoast SEO plugin. -->","yoast_head_json":{"title":"\u00d6zel Plaka Bilgi - \u0130stanbul \u00d6zel Plaka","robots":{"index":"index","follow":"follow","max-snippet":"max-snippet:-1","max-image-preview":"max-image-preview:large","max-video-preview":"max-video-preview:-1"},"canonical":"https:\/\/istanbulozelplakam.com\/?page_id=418","og_locale":"tr_TR","og_type":"article","og_title":"\u00d6zel Plaka Bilgi - \u0130stanbul \u00d6zel Plaka","og_description":"Sizin Hen\u00fcz \u00d6zel Plakan\u0131z Yok Mu ? Ad\u0131n\u0131z soyad\u0131n\u0131z , memleketiniz , sevdiklerinizin ba\u015f harfleri veya destekledi\u011finiz tak\u0131ma uygun \u00f6zel plaka\u0130\u015flemleri \u0130\u00e7in bizimle \u0130leti\u015fime ge\u00e7ebilirsiniz. \u00d6zel Plaka Nedir ? Mevcut kulland\u0131\u011f\u0131n\u0131z ara\u00e7lar\u0131n veya yeni alacak oldu\u011funuz ara\u00e7lar\u0131n\u0131za uygulam\u0131\u015f oldu\u011fumuz harf ve rakam b\u00fct\u00fcnl\u00fc\u011f\u00fcd\u00fcr. Talebinize g\u00f6re sizin \u0130\u00e7in anlam \u0130fade eden harf ve rakam kombinasyonunu trafik [...]","og_url":"https:\/\/istanbulozelplakam.com\/?page_id=418","og_site_name":"\u0130stanbul \u00d6zel Plaka","article_modified_time":"2025-12-12T14:46:07+00:00","twitter_card":"summary_large_image","twitter_misc":{"Tahmini okuma s\u00fcresi":"2 dakika"},"schema":{"@context":"https:\/\/schema.org","@graph":[{"@type":"WebPage","@id":"https:\/\/istanbulozelplakam.com\/?page_id=418","url":"https:\/\/istanbulozelplakam.com\/?page_id=418","name":"\u00d6zel Plaka Bilgi - \u0130stanbul \u00d6zel Plaka","isPartOf":{"@id":"https:\/\/istanbulozelplakam.com\/#website"},"datePublished":"2021-07-30T19:41:21+00:00","dateModified":"2025-12-12T14:46:07+00:00","breadcrumb":{"@id":"https:\/\/istanbulozelplakam.com\/?page_id=418#breadcrumb"},"inLanguage":"tr","potentialAction":[{"@type":"ReadAction","target":["https:\/\/istanbulozelplakam.com\/?page_id=418"]}]},{"@type":"BreadcrumbList","@id":"https:\/\/istanbulozelplakam.com\/?page_id=418#breadcrumb","itemListElement":[{"@type":"ListItem","position":1,"name":"Anasayfa","item":"https:\/\/istanbulozelplakam.com\/"},{"@type":"ListItem","position":2,"name":"\u00d6zel Plaka Bilgi"}]},{"@type":"WebSite","@id":"https:\/\/istanbulozelplakam.com\/#website","url":"https:\/\/istanbulozelplakam.com\/","name":"\u0130stanbul \u00d6zel Plaka","description":"\u00d6zel Plaka Sahibi Olmak \u0130stermisin ?","potentialAction":[{"@type":"SearchAction","target":{"@type":"EntryPoint","urlTemplate":"https:\/\/istanbulozelplakam.com\/?s={search_term_string}"},"query-input":{"@type":"PropertyValueSpecification","valueRequired":true,"valueName":"search_term_string"}}],"inLanguage":"tr"}]}},"_links":{"self":[{"href":"https:\/\/istanbulozelplakam.com\/index.php?rest_route=\/wp\/v2\/pages\/418","targetHints":{"allow":["GET"]}}],"collection":[{"href":"https:\/\/istanbulozelplakam.com\/index.php?rest_route=\/wp\/v2\/pages"}],"about":[{"href":"https:\/\/istanbulozelplakam.com\/index.php?rest_route=\/wp\/v2\/types\/page"}],"author":[{"embeddable":true,"href":"https:\/\/istanbulozelplakam.com\/index.php?rest_route=\/wp\/v2\/users\/1"}],"replies":[{"embeddable":true,"href":"https:\/\/istanbulozelplakam.com\/index.php?rest_route=%2Fwp%2Fv2%2Fcomments&post=418"}],"version-history":[{"count":36,"href":"https:\/\/istanbulozelplakam.com\/index.php?rest_route=\/wp\/v2\/pages\/418\/revisions"}],"predecessor-version":[{"id":1966,"href":"https:\/\/istanbulozelplakam.com\/index.php?rest_route=\/wp\/v2\/pages\/418\/revisions\/1966"}],"wp:attachment":[{"href":"https:\/\/istanbulozelplakam.com\/index.php?rest_route=%2Fwp%2Fv2%2Fmedia&parent=418"}],"curies":[{"name":"wp","href":"https:\/\/api.w.org\/{rel}","templated":true}]}}