{"id":784,"date":"2022-04-13T19:35:32","date_gmt":"2022-04-13T19:35:32","guid":{"rendered":"https:\/\/istanbulozelplakam.com\/?page_id=784"},"modified":"2023-01-02T13:15:12","modified_gmt":"2023-01-02T13:15:12","slug":"basinda-biz","status":"publish","type":"page","link":"https:\/\/istanbulozelplakam.com\/?page_id=784","title":{"rendered":"Bas\u0131nda Biz"},"content":{"rendered":"\t\t<div data-elementor-type=\"wp-page\" data-elementor-id=\"784\" class=\"elementor elementor-784\" data-elementor-settings=\"[]\">\n\t\t\t\t\t\t<div class=\"elementor-inner\">\n\t\t\t\t\t\t\t<div class=\"elementor-section-wrap\">\n\t\t\t\t\t\t\t<section class=\"elementor-section elementor-top-section elementor-element elementor-element-5c08081 elementor-section-full_width elementor-section-height-min-height elementor-section-stretched elementor-section-height-default elementor-section-items-middle\" data-id=\"5c08081\" data-element_type=\"section\" data-settings=\"{&quot;background_background&quot;:&quot;classic&quot;,&quot;background_motion_fx_opacity_effect&quot;:&quot;yes&quot;,&quot;background_motion_fx_opacity_range&quot;:{&quot;unit&quot;:&quot;%&quot;,&quot;size&quot;:&quot;&quot;,&quot;sizes&quot;:{&quot;start&quot;:&quot;51&quot;,&quot;end&quot;:&quot;76&quot;}},&quot;background_motion_fx_motion_fx_scrolling&quot;:&quot;yes&quot;,&quot;background_motion_fx_opacity_direction&quot;:&quot;in-out&quot;,&quot;stretch_section&quot;:&quot;section-stretched&quot;,&quot;background_motion_fx_opacity_level&quot;:{&quot;unit&quot;:&quot;px&quot;,&quot;size&quot;:10,&quot;sizes&quot;:[]},&quot;background_motion_fx_devices&quot;:[&quot;desktop&quot;,&quot;tablet&quot;,&quot;mobile&quot;]}\">\n\t\t\t\t\t\t\t<div class=\"elementor-background-overlay\"><\/div>\n\t\t\t\t\t\t\t<div class=\"elementor-container elementor-column-gap-default\">\n\t\t\t\t\t\t\t<div class=\"elementor-row\">\n\t\t\t\t\t<div class=\"elementor-column elementor-col-100 elementor-top-column elementor-element elementor-element-784dbc7\" data-id=\"784dbc7\" data-element_type=\"column\">\n\t\t\t<div class=\"elementor-column-wrap elementor-element-populated\">\n\t\t\t\t\t\t\t<div class=\"elementor-widget-wrap\">\n\t\t\t\t\t\t<div class=\"elementor-element elementor-element-737028a elementor-widget elementor-widget-heading\" data-id=\"737028a\" data-element_type=\"widget\" data-widget_type=\"heading.default\">\n\t\t\t\t<div class=\"elementor-widget-container\">\n\t\t\t<h1 class=\"elementor-heading-title elementor-size-default\">Bas\u0131nda Biz<\/h1>\t\t<\/div>\n\t\t\t\t<\/div>\n\t\t\t\t<section class=\"elementor-section elementor-inner-section elementor-element elementor-element-5ca7cca elementor-section-boxed elementor-section-height-default elementor-section-height-default\" data-id=\"5ca7cca\" data-element_type=\"section\">\n\t\t\t\t\t\t<div class=\"elementor-container elementor-column-gap-default\">\n\t\t\t\t\t\t\t<div class=\"elementor-row\">\n\t\t\t\t\t<div class=\"elementor-column elementor-col-100 elementor-inner-column elementor-element elementor-element-2ebfe60\" data-id=\"2ebfe60\" data-element_type=\"column\">\n\t\t\t<div class=\"elementor-column-wrap elementor-element-populated\">\n\t\t\t\t\t\t\t<div class=\"elementor-widget-wrap\">\n\t\t\t\t\t\t<div class=\"elementor-element elementor-element-8fdbcdf elementor-widget elementor-widget-text-editor\" data-id=\"8fdbcdf\" data-element_type=\"widget\" data-widget_type=\"text-editor.default\">\n\t\t\t\t<div class=\"elementor-widget-container\">\n\t\t\t\t\t<div class=\"elementor-text-editor elementor-clearfix\"><p>\u0130stanbul \u00d6zel Plakam olarak bas\u0131n haberlerinde yer ald\u0131k sizlerle payla\u015fmak istedik.<\/p><\/div>\n\t\t\t\t<\/div>\n\t\t\t\t<\/div>\n\t\t\t\t\t\t<\/div>\n\t\t\t\t\t<\/div>\n\t\t<\/div>\n\t\t\t\t\t\t\t\t<\/div>\n\t\t\t\t\t<\/div>\n\t\t<\/section>\n\t\t\t\t<section class=\"elementor-section elementor-inner-section elementor-element elementor-element-d829dda elementor-section-full_width elementor-section-height-min-height elementor-section-height-default\" data-id=\"d829dda\" data-element_type=\"section\">\n\t\t\t\t\t\t<div class=\"elementor-container elementor-column-gap-default\">\n\t\t\t\t\t\t\t<div class=\"elementor-row\">\n\t\t\t\t\t<div class=\"elementor-column elementor-col-100 elementor-inner-column elementor-element elementor-element-1ddf979\" data-id=\"1ddf979\" data-element_type=\"column\">\n\t\t\t<div class=\"elementor-column-wrap elementor-element-populated\">\n\t\t\t\t\t\t\t<div class=\"elementor-widget-wrap\">\n\t\t\t\t\t\t<div class=\"elementor-element elementor-element-7a161c1 elementor-arrows-position-inside elementor-pagination-position-outside elementor-widget elementor-widget-image-carousel\" data-id=\"7a161c1\" data-element_type=\"widget\" data-settings=\"{&quot;slides_to_show&quot;:&quot;4&quot;,&quot;slides_to_scroll&quot;:&quot;2&quot;,&quot;image_spacing_custom&quot;:{&quot;unit&quot;:&quot;px&quot;,&quot;size&quot;:60,&quot;sizes&quot;:[]},&quot;navigation&quot;:&quot;both&quot;,&quot;autoplay&quot;:&quot;yes&quot;,&quot;pause_on_hover&quot;:&quot;yes&quot;,&quot;pause_on_interaction&quot;:&quot;yes&quot;,&quot;autoplay_speed&quot;:5000,&quot;infinite&quot;:&quot;yes&quot;,&quot;speed&quot;:500}\" data-widget_type=\"image-carousel.default\">\n\t\t\t\t<div class=\"elementor-widget-container\">\n\t\t\t\t\t<div class=\"elementor-image-carousel-wrapper swiper-container\" dir=\"ltr\">\n\t\t\t<div class=\"elementor-image-carousel swiper-wrapper\">\n\t\t\t\t<div class=\"swiper-slide\"><a data-elementor-open-lightbox=\"yes\" data-elementor-lightbox-slideshow=\"7a161c1\" data-elementor-lightbox-title=\"WhatsApp Image 2022-04-09 at 13.40.06\" href=\"https:\/\/istanbulozelplakam.com\/wp-content\/uploads\/2022\/04\/WhatsApp-Image-2022-04-09-at-13.40.06.jpeg\"><figure class=\"swiper-slide-inner\"><img decoding=\"async\" class=\"swiper-slide-image\" src=\"https:\/\/istanbulozelplakam.com\/wp-content\/uploads\/2022\/04\/WhatsApp-Image-2022-04-09-at-13.40.06.jpeg\" alt=\"WhatsApp Image 2022-04-09 at 13.40.06\" \/><\/figure><\/a><\/div><div class=\"swiper-slide\"><a data-elementor-open-lightbox=\"yes\" data-elementor-lightbox-slideshow=\"7a161c1\" data-elementor-lightbox-title=\"WhatsApp Image 2022-04-09 at 13.40.06 (1)\" href=\"https:\/\/istanbulozelplakam.com\/wp-content\/uploads\/2022\/04\/WhatsApp-Image-2022-04-09-at-13.40.06-1.jpeg\"><figure class=\"swiper-slide-inner\"><img decoding=\"async\" class=\"swiper-slide-image\" src=\"https:\/\/istanbulozelplakam.com\/wp-content\/uploads\/2022\/04\/WhatsApp-Image-2022-04-09-at-13.40.06-1.jpeg\" alt=\"WhatsApp Image 2022-04-09 at 13.40.06 (1)\" \/><\/figure><\/a><\/div><div class=\"swiper-slide\"><a data-elementor-open-lightbox=\"yes\" data-elementor-lightbox-slideshow=\"7a161c1\" data-elementor-lightbox-title=\"WhatsApp Image 2022-04-09 at 13.40.06 (6)\" href=\"https:\/\/istanbulozelplakam.com\/wp-content\/uploads\/2022\/04\/WhatsApp-Image-2022-04-09-at-13.40.06-6.jpeg\"><figure class=\"swiper-slide-inner\"><img decoding=\"async\" class=\"swiper-slide-image\" src=\"https:\/\/istanbulozelplakam.com\/wp-content\/uploads\/2022\/04\/WhatsApp-Image-2022-04-09-at-13.40.06-6.jpeg\" alt=\"WhatsApp Image 2022-04-09 at 13.40.06 (6)\" \/><\/figure><\/a><\/div><div class=\"swiper-slide\"><a data-elementor-open-lightbox=\"yes\" data-elementor-lightbox-slideshow=\"7a161c1\" data-elementor-lightbox-title=\"WhatsApp Image 2022-04-09 at 13.40.06 (5)\" href=\"https:\/\/istanbulozelplakam.com\/wp-content\/uploads\/2022\/04\/WhatsApp-Image-2022-04-09-at-13.40.06-5.jpeg\"><figure class=\"swiper-slide-inner\"><img decoding=\"async\" class=\"swiper-slide-image\" src=\"https:\/\/istanbulozelplakam.com\/wp-content\/uploads\/2022\/04\/WhatsApp-Image-2022-04-09-at-13.40.06-5.jpeg\" alt=\"WhatsApp Image 2022-04-09 at 13.40.06 (5)\" \/><\/figure><\/a><\/div><div class=\"swiper-slide\"><a data-elementor-open-lightbox=\"yes\" data-elementor-lightbox-slideshow=\"7a161c1\" data-elementor-lightbox-title=\"WhatsApp Image 2022-04-09 at 13.40.06 (4)\" href=\"https:\/\/istanbulozelplakam.com\/wp-content\/uploads\/2022\/04\/WhatsApp-Image-2022-04-09-at-13.40.06-4.jpeg\"><figure class=\"swiper-slide-inner\"><img decoding=\"async\" class=\"swiper-slide-image\" src=\"https:\/\/istanbulozelplakam.com\/wp-content\/uploads\/2022\/04\/WhatsApp-Image-2022-04-09-at-13.40.06-4.jpeg\" alt=\"WhatsApp Image 2022-04-09 at 13.40.06 (4)\" \/><\/figure><\/a><\/div><div class=\"swiper-slide\"><a data-elementor-open-lightbox=\"yes\" data-elementor-lightbox-slideshow=\"7a161c1\" data-elementor-lightbox-title=\"WhatsApp Image 2022-04-09 at 13.40.06 (3)\" href=\"https:\/\/istanbulozelplakam.com\/wp-content\/uploads\/2022\/04\/WhatsApp-Image-2022-04-09-at-13.40.06-3.jpeg\"><figure class=\"swiper-slide-inner\"><img decoding=\"async\" class=\"swiper-slide-image\" src=\"https:\/\/istanbulozelplakam.com\/wp-content\/uploads\/2022\/04\/WhatsApp-Image-2022-04-09-at-13.40.06-3.jpeg\" alt=\"WhatsApp Image 2022-04-09 at 13.40.06 (3)\" \/><\/figure><\/a><\/div><div class=\"swiper-slide\"><a data-elementor-open-lightbox=\"yes\" data-elementor-lightbox-slideshow=\"7a161c1\" data-elementor-lightbox-title=\"WhatsApp Image 2022-04-09 at 13.40.06 (2)\" href=\"https:\/\/istanbulozelplakam.com\/wp-content\/uploads\/2022\/04\/WhatsApp-Image-2022-04-09-at-13.40.06-2.jpeg\"><figure class=\"swiper-slide-inner\"><img decoding=\"async\" class=\"swiper-slide-image\" src=\"https:\/\/istanbulozelplakam.com\/wp-content\/uploads\/2022\/04\/WhatsApp-Image-2022-04-09-at-13.40.06-2.jpeg\" alt=\"WhatsApp Image 2022-04-09 at 13.40.06 (2)\" \/><\/figure><\/a><\/div>\t\t\t<\/div>\n\t\t\t\t\t\t\t\t\t\t\t\t<div class=\"swiper-pagination\"><\/div>\n\t\t\t\t\t\t\t\t\t\t\t\t\t<div class=\"elementor-swiper-button elementor-swiper-button-prev\">\n\t\t\t\t\t\t<i class=\"eicon-chevron-left\" aria-hidden=\"true\"><\/i>\n\t\t\t\t\t\t<span class=\"elementor-screen-only\">\u00d6nceki<\/span>\n\t\t\t\t\t<\/div>\n\t\t\t\t\t<div class=\"elementor-swiper-button elementor-swiper-button-next\">\n\t\t\t\t\t\t<i class=\"eicon-chevron-right\" aria-hidden=\"true\"><\/i>\n\t\t\t\t\t\t<span class=\"elementor-screen-only\">Sonraki<\/span>\n\t\t\t\t\t<\/div>\n\t\t\t\t\t\t\t\t\t<\/div>\n\t\t\t\t<\/div>\n\t\t\t\t<\/div>\n\t\t\t\t\t\t<\/div>\n\t\t\t\t\t<\/div>\n\t\t<\/div>\n\t\t\t\t\t\t\t\t<\/div>\n\t\t\t\t\t<\/div>\n\t\t<\/section>\n\t\t\t\t\t\t<\/div>\n\t\t\t\t\t<\/div>\n\t\t<\/div>\n\t\t\t\t\t\t\t\t<\/div>\n\t\t\t\t\t<\/div>\n\t\t<\/section>\n\t\t\t\t\t\t<\/div>\n\t\t\t\t\t\t<\/div>\n\t\t\t\t\t<\/div>\n\t\t","protected":false},"excerpt":{"rendered":"<p>Bas\u0131nda Biz \u0130stanbul \u00d6zel Plakam olarak bas\u0131n haberlerinde yer ald\u0131k sizlerle payla\u015fmak istedik. Previous Next<\/p>\n","protected":false},"author":1,"featured_media":0,"parent":0,"menu_order":0,"comment_status":"closed","ping_status":"closed","template":"","meta":{"_acf_changed":false,"footnotes":""},"class_list":["post-784","page","type-page","status-publish","hentry"],"acf":[],"yoast_head":"<!-- This site is optimized with the Yoast SEO plugin v27.3 - https:\/\/yoast.com\/product\/yoast-seo-wordpress\/ -->\n<title>Bas\u0131nda Biz - \u0130stanbul \u00d6zel Plaka<\/title>\n<meta name=\"robots\" content=\"index, follow, max-snippet:-1, max-image-preview:large, max-video-preview:-1\" \/>\n<link rel=\"canonical\" href=\"https:\/\/istanbulozelplakam.com\/?page_id=784\" \/>\n<meta property=\"og:locale\" content=\"tr_TR\" \/>\n<meta property=\"og:type\" content=\"article\" \/>\n<meta property=\"og:title\" content=\"Bas\u0131nda Biz - \u0130stanbul \u00d6zel Plaka\" \/>\n<meta property=\"og:description\" content=\"Bas\u0131nda Biz \u0130stanbul \u00d6zel Plakam olarak bas\u0131n haberlerinde yer ald\u0131k sizlerle payla\u015fmak istedik. Previous Next\" \/>\n<meta property=\"og:url\" content=\"https:\/\/istanbulozelplakam.com\/?page_id=784\" \/>\n<meta property=\"og:site_name\" content=\"\u0130stanbul \u00d6zel Plaka\" \/>\n<meta property=\"article:modified_time\" content=\"2023-01-02T13:15:12+00:00\" \/>\n<meta property=\"og:image\" content=\"https:\/\/istanbulozelplakam.com\/wp-content\/uploads\/2022\/04\/WhatsApp-Image-2022-04-09-at-13.40.06.jpeg\" \/>\n<meta name=\"twitter:card\" content=\"summary_large_image\" \/>\n<script type=\"application\/ld+json\" class=\"yoast-schema-graph\">{\"@context\":\"https:\\\/\\\/schema.org\",\"@graph\":[{\"@type\":\"WebPage\",\"@id\":\"https:\\\/\\\/istanbulozelplakam.com\\\/?page_id=784\",\"url\":\"https:\\\/\\\/istanbulozelplakam.com\\\/?page_id=784\",\"name\":\"Bas\u0131nda Biz - \u0130stanbul \u00d6zel Plaka\",\"isPartOf\":{\"@id\":\"https:\\\/\\\/istanbulozelplakam.com\\\/#website\"},\"primaryImageOfPage\":{\"@id\":\"https:\\\/\\\/istanbulozelplakam.com\\\/?page_id=784#primaryimage\"},\"image\":{\"@id\":\"https:\\\/\\\/istanbulozelplakam.com\\\/?page_id=784#primaryimage\"},\"thumbnailUrl\":\"https:\\\/\\\/istanbulozelplakam.com\\\/wp-content\\\/uploads\\\/2022\\\/04\\\/WhatsApp-Image-2022-04-09-at-13.40.06.jpeg\",\"datePublished\":\"2022-04-13T19:35:32+00:00\",\"dateModified\":\"2023-01-02T13:15:12+00:00\",\"breadcrumb\":{\"@id\":\"https:\\\/\\\/istanbulozelplakam.com\\\/?page_id=784#breadcrumb\"},\"inLanguage\":\"tr\",\"potentialAction\":[{\"@type\":\"ReadAction\",\"target\":[\"https:\\\/\\\/istanbulozelplakam.com\\\/?page_id=784\"]}]},{\"@type\":\"ImageObject\",\"inLanguage\":\"tr\",\"@id\":\"https:\\\/\\\/istanbulozelplakam.com\\\/?page_id=784#primaryimage\",\"url\":\"https:\\\/\\\/istanbulozelplakam.com\\\/wp-content\\\/uploads\\\/2022\\\/04\\\/WhatsApp-Image-2022-04-09-at-13.40.06.jpeg\",\"contentUrl\":\"https:\\\/\\\/istanbulozelplakam.com\\\/wp-content\\\/uploads\\\/2022\\\/04\\\/WhatsApp-Image-2022-04-09-at-13.40.06.jpeg\"},{\"@type\":\"BreadcrumbList\",\"@id\":\"https:\\\/\\\/istanbulozelplakam.com\\\/?page_id=784#breadcrumb\",\"itemListElement\":[{\"@type\":\"ListItem\",\"position\":1,\"name\":\"Anasayfa\",\"item\":\"https:\\\/\\\/istanbulozelplakam.com\\\/\"},{\"@type\":\"ListItem\",\"position\":2,\"name\":\"Bas\u0131nda Biz\"}]},{\"@type\":\"WebSite\",\"@id\":\"https:\\\/\\\/istanbulozelplakam.com\\\/#website\",\"url\":\"https:\\\/\\\/istanbulozelplakam.com\\\/\",\"name\":\"\u0130stanbul \u00d6zel Plaka\",\"description\":\"\u00d6zel Plaka Sahibi Olmak \u0130stermisin ?\",\"potentialAction\":[{\"@type\":\"SearchAction\",\"target\":{\"@type\":\"EntryPoint\",\"urlTemplate\":\"https:\\\/\\\/istanbulozelplakam.com\\\/?s={search_term_string}\"},\"query-input\":{\"@type\":\"PropertyValueSpecification\",\"valueRequired\":true,\"valueName\":\"search_term_string\"}}],\"inLanguage\":\"tr\"}]}<\/script>\n<!-- \/ Yoast SEO plugin. -->","yoast_head_json":{"title":"Bas\u0131nda Biz - \u0130stanbul \u00d6zel Plaka","robots":{"index":"index","follow":"follow","max-snippet":"max-snippet:-1","max-image-preview":"max-image-preview:large","max-video-preview":"max-video-preview:-1"},"canonical":"https:\/\/istanbulozelplakam.com\/?page_id=784","og_locale":"tr_TR","og_type":"article","og_title":"Bas\u0131nda Biz - \u0130stanbul \u00d6zel Plaka","og_description":"Bas\u0131nda Biz \u0130stanbul \u00d6zel Plakam olarak bas\u0131n haberlerinde yer ald\u0131k sizlerle payla\u015fmak istedik. Previous Next","og_url":"https:\/\/istanbulozelplakam.com\/?page_id=784","og_site_name":"\u0130stanbul \u00d6zel Plaka","article_modified_time":"2023-01-02T13:15:12+00:00","og_image":[{"url":"https:\/\/istanbulozelplakam.com\/wp-content\/uploads\/2022\/04\/WhatsApp-Image-2022-04-09-at-13.40.06.jpeg","type":"","width":"","height":""}],"twitter_card":"summary_large_image","schema":{"@context":"https:\/\/schema.org","@graph":[{"@type":"WebPage","@id":"https:\/\/istanbulozelplakam.com\/?page_id=784","url":"https:\/\/istanbulozelplakam.com\/?page_id=784","name":"Bas\u0131nda Biz - \u0130stanbul \u00d6zel Plaka","isPartOf":{"@id":"https:\/\/istanbulozelplakam.com\/#website"},"primaryImageOfPage":{"@id":"https:\/\/istanbulozelplakam.com\/?page_id=784#primaryimage"},"image":{"@id":"https:\/\/istanbulozelplakam.com\/?page_id=784#primaryimage"},"thumbnailUrl":"https:\/\/istanbulozelplakam.com\/wp-content\/uploads\/2022\/04\/WhatsApp-Image-2022-04-09-at-13.40.06.jpeg","datePublished":"2022-04-13T19:35:32+00:00","dateModified":"2023-01-02T13:15:12+00:00","breadcrumb":{"@id":"https:\/\/istanbulozelplakam.com\/?page_id=784#breadcrumb"},"inLanguage":"tr","potentialAction":[{"@type":"ReadAction","target":["https:\/\/istanbulozelplakam.com\/?page_id=784"]}]},{"@type":"ImageObject","inLanguage":"tr","@id":"https:\/\/istanbulozelplakam.com\/?page_id=784#primaryimage","url":"https:\/\/istanbulozelplakam.com\/wp-content\/uploads\/2022\/04\/WhatsApp-Image-2022-04-09-at-13.40.06.jpeg","contentUrl":"https:\/\/istanbulozelplakam.com\/wp-content\/uploads\/2022\/04\/WhatsApp-Image-2022-04-09-at-13.40.06.jpeg"},{"@type":"BreadcrumbList","@id":"https:\/\/istanbulozelplakam.com\/?page_id=784#breadcrumb","itemListElement":[{"@type":"ListItem","position":1,"name":"Anasayfa","item":"https:\/\/istanbulozelplakam.com\/"},{"@type":"ListItem","position":2,"name":"Bas\u0131nda Biz"}]},{"@type":"WebSite","@id":"https:\/\/istanbulozelplakam.com\/#website","url":"https:\/\/istanbulozelplakam.com\/","name":"\u0130stanbul \u00d6zel Plaka","description":"\u00d6zel Plaka Sahibi Olmak \u0130stermisin ?","potentialAction":[{"@type":"SearchAction","target":{"@type":"EntryPoint","urlTemplate":"https:\/\/istanbulozelplakam.com\/?s={search_term_string}"},"query-input":{"@type":"PropertyValueSpecification","valueRequired":true,"valueName":"search_term_string"}}],"inLanguage":"tr"}]}},"_links":{"self":[{"href":"https:\/\/istanbulozelplakam.com\/index.php?rest_route=\/wp\/v2\/pages\/784","targetHints":{"allow":["GET"]}}],"collection":[{"href":"https:\/\/istanbulozelplakam.com\/index.php?rest_route=\/wp\/v2\/pages"}],"about":[{"href":"https:\/\/istanbulozelplakam.com\/index.php?rest_route=\/wp\/v2\/types\/page"}],"author":[{"embeddable":true,"href":"https:\/\/istanbulozelplakam.com\/index.php?rest_route=\/wp\/v2\/users\/1"}],"replies":[{"embeddable":true,"href":"https:\/\/istanbulozelplakam.com\/index.php?rest_route=%2Fwp%2Fv2%2Fcomments&post=784"}],"version-history":[{"count":10,"href":"https:\/\/istanbulozelplakam.com\/index.php?rest_route=\/wp\/v2\/pages\/784\/revisions"}],"predecessor-version":[{"id":908,"href":"https:\/\/istanbulozelplakam.com\/index.php?rest_route=\/wp\/v2\/pages\/784\/revisions\/908"}],"wp:attachment":[{"href":"https:\/\/istanbulozelplakam.com\/index.php?rest_route=%2Fwp%2Fv2%2Fmedia&parent=784"}],"curies":[{"name":"wp","href":"https:\/\/api.w.org\/{rel}","templated":true}]}}